{"id":463,"date":"2023-11-16T09:52:59","date_gmt":"2023-11-16T08:52:59","guid":{"rendered":"https:\/\/www.lantec-grip.com\/es\/?page_id=463"},"modified":"2024-03-19T11:06:55","modified_gmt":"2024-03-19T10:06:55","slug":"manufacturer-partner","status":"publish","type":"page","link":"https:\/\/www.lantec-grip.com\/fr\/manufacturer-partner\/","title":{"rendered":"Manufacturer Partner","raw":"Manufacturer Partner"},"content":{"rendered":"<p>Voil\u00e0 plus de vingt ans que nous offrons nos services en tant que Manufacturer Partner \u00e0 des entreprises leaders en automatisation et automobile.<\/p>\n<p>Nous mettons notre exp\u00e9rience \u00e0 disposition dans le domaine de l\u2019ing\u00e9nierie, la fabrication, le contr\u00f4le de stocks et les livraisons, permettant aux entreprises, en nous confiant ces t\u00e2ches, de se d\u00e9velopper ou se diversifier en toute s\u00e9r\u00e9nit\u00e9 gr\u00e2ce \u00e0 notre soutien et notre fiabilit\u00e9.<\/p>\n<p>Ce sont quelques exemples de produits en s\u00e9rie que LantecLT a r\u00e9alis\u00e9 et r\u00e9alise pour des entreprises leaders dans leurs secteurs.<\/p>\n<p>&nbsp;<\/p>\n<div class=\"row\">\n<div class=\"col-md-6\"><img loading=\"lazy\" decoding=\"async\" class=\"alignnone wp-image-805 size-full\" src=\"https:\/\/www.lantec-grip.com\/wp-content\/uploads\/almacen.jpg\" alt=\"Almac\u00e9n din\u00e1mico de herramientas para maquinas CNC\" width=\"800\" height=\"600\" srcset=\"https:\/\/www.lantec-grip.com\/wp-content\/uploads\/almacen.jpg 800w, https:\/\/www.lantec-grip.com\/wp-content\/uploads\/almacen-300x225.jpg 300w, https:\/\/www.lantec-grip.com\/wp-content\/uploads\/almacen-768x576.jpg 768w\" sizes=\"auto, (max-width: 800px) 100vw, 800px\" \/><\/div>\n<div class=\"col-md-6\"><img loading=\"lazy\" decoding=\"async\" class=\"alignnone wp-image-898 size-full\" src=\"https:\/\/www.lantec-grip.com\/wp-content\/uploads\/almacen-de-herramientas-dinamico.jpg\" alt=\"Almac\u00e9n de herramientas din\u00e1mico\" width=\"800\" height=\"600\" srcset=\"https:\/\/www.lantec-grip.com\/wp-content\/uploads\/almacen-de-herramientas-dinamico.jpg 800w, https:\/\/www.lantec-grip.com\/wp-content\/uploads\/almacen-de-herramientas-dinamico-300x225.jpg 300w, https:\/\/www.lantec-grip.com\/wp-content\/uploads\/almacen-de-herramientas-dinamico-768x576.jpg 768w\" sizes=\"auto, (max-width: 800px) 100vw, 800px\" \/><\/div>\n<\/div>\n<p>Entrep\u00f4t dynamique d\u2019outils pour des machines CNC. Il a diverses configurations et peut s\u2019adapter comme \u00ab convoyeur \u00bb dans des lignes de transfert.<\/p>\n<p><img decoding=\"async\" src=\"https:\/\/www.lantec-grip.com\/wp-content\/uploads\/manipulador.jpg\" alt=\"\" \/><\/p>\n<p>Manipulateur pneumatique de pr\u00e9cision avec un mouvement horizontal et vertical pour des composants d\u2019appareils \u00e9lectrom\u00e9nagers. Il est \u00e9galement dot\u00e9 d\u2019un mouvement rotatif et la possibilit\u00e9 d\u2019inclure des pinces pneumatiques parall\u00e8les ou angulaires.<\/p>\n","protected":false,"raw":"Voil\u00e0 plus de vingt ans que nous offrons nos services en tant que Manufacturer Partner \u00e0 des entreprises leaders en automatisation et automobile.\r\n\r\nNous mettons notre exp\u00e9rience \u00e0 disposition dans le domaine de l\u2019ing\u00e9nierie, la fabrication, le contr\u00f4le de stocks et les livraisons, permettant aux entreprises, en nous confiant ces t\u00e2ches, de se d\u00e9velopper ou se diversifier en toute s\u00e9r\u00e9nit\u00e9 gr\u00e2ce \u00e0 notre soutien et notre fiabilit\u00e9.\r\n\r\nCe sont quelques exemples de produits en s\u00e9rie que LantecLT a r\u00e9alis\u00e9 et r\u00e9alise pour des entreprises leaders dans leurs secteurs.\r\n\r\n&nbsp;\r\n<div class=\"row\">\r\n<div class=\"col-md-6\"><img class=\"alignnone wp-image-805 size-full\" src=\"https:\/\/www.lantec-grip.com\/wp-content\/uploads\/almacen.jpg\" alt=\"Almac\u00e9n din\u00e1mico de herramientas para maquinas CNC\" width=\"800\" height=\"600\" \/><\/div>\r\n<div class=\"col-md-6\"><img class=\"alignnone wp-image-898 size-full\" src=\"https:\/\/www.lantec-grip.com\/wp-content\/uploads\/almacen-de-herramientas-dinamico.jpg\" alt=\"Almac\u00e9n de herramientas din\u00e1mico\" width=\"800\" height=\"600\" \/><\/div>\r\n<\/div>\r\n\r\n\r\nEntrep\u00f4t dynamique d\u2019outils pour des machines CNC. Il a diverses configurations et peut s\u2019adapter comme \u00ab convoyeur \u00bb dans des lignes de transfert.\r\n\r\n<img src=\"https:\/\/www.lantec-grip.com\/wp-content\/uploads\/manipulador.jpg\" alt=\"\" \/>\r\n\r\nManipulateur pneumatique de pr\u00e9cision avec un mouvement horizontal et vertical pour des composants d\u2019appareils \u00e9lectrom\u00e9nagers. Il est \u00e9galement dot\u00e9 d\u2019un mouvement rotatif et la possibilit\u00e9 d\u2019inclure des pinces pneumatiques parall\u00e8les ou angulaires."},"excerpt":{"rendered":"","protected":false,"raw":""},"author":1,"featured_media":0,"parent":0,"menu_order":6,"comment_status":"closed","ping_status":"closed","template":"","meta":{"_es_post_content":"Llevamos m\u00e1s de veinte a\u00f1os ofreciendo a empresas l\u00edderes en automatizaci\u00f3n y automoci\u00f3n nuestros servicios como <i>manufacturer partner<\/i> .\r\n\r\nAportamos nuestra experiencia en el \u00e1rea de ingenier\u00eda, fabricaci\u00f3n, control de stocks y entregas, permitiendo que las empresas al delegar dichas tareas puedan expandirse o diversificarse con la tranquilidad de nuestro respaldo y solvencia.\r\n\r\nDise\u00f1as y fabricamos una amplia variedad de pinzas neum\u00e1ticas enfocadas al agarre y sujecci\u00f3n de piezas, tanto dise\u00f1os estandar, como pinzas especiales capaces de resolver cualquier necesidad de automatizaci\u00f3n.\r\n\r\nEstos son algunos ejemplos de productos en serie que lantecLT ha realizado y realiza para empresas l\u00edderes en sus sectores.\r\n\r\n&nbsp;\r\n<div class=\"row\">\r\n<div class=\"col-md-6\"><img class=\"alignnone wp-image-805 size-full\" src=\"https:\/\/www.lantec-grip.com\/wp-content\/uploads\/almacen.jpg\" alt=\"Almac\u00e9n din\u00e1mico de herramientas para maquinas CNC\" title=\"Almac\u00e9n din\u00e1mico de herramientas para maquinas CNC\" width=\"800\" height=\"600\" \/><\/div>\r\n<div class=\"col-md-6\"><img class=\"alignnone wp-image-898 size-full\" src=\"https:\/\/www.lantec-grip.com\/wp-content\/uploads\/almacen-de-herramientas-dinamico.jpg\" alt=\"Almac\u00e9n de herramientas din\u00e1mico\"  title=\"Almac\u00e9n din\u00e1mico de herramientas\" width=\"800\" height=\"600\" \/><\/div>\r\n<\/div>\r\n\r\nAlmac\u00e9n de herramientas din\u00e1mico para maquinas CNC. Tiene diversas configuraciones\u00a0y se puede adaptar como \"conveyor\" en l\u00edneas transfer.\r\n\r\n<img src=\"https:\/\/www.lantec-grip.com\/wp-content\/uploads\/manipulador.jpg\" alt=\"Manipulador neum\u00e1tico\" title=\"Dise\u00f1o y fabricaci\u00f3n de elementos de manipulaci\u00f3n neum\u00e1tica\" \/>\r\n\r\nManipulador neum\u00e1tico de precisi\u00f3n con movimiento horizontal y vertical para componentes de electrodom\u00e9sticos. Tambi\u00e9n dotado de movimiento rotativo y posibilidad de incluir pinzas neum\u00e1ticas paralelas o angulares.","_es_post_name":"partners","_es_post_excerpt":"","_es_post_title":"Partners","_en_post_content":"We have been offering leading companies in the automisation and automotive industries our services as a Manufacturer Partner for more than 20 years.\r\n\r\nWe have experience in the areas of engineering, manufacturing, stock control and deliveries, allowing companies, by delegating these tasks, to expand and diversify safe in the knowledge that they have our support.\r\n\r\nThese are some examples of series products that lantecLT has created and creates for leading companies in their industries.\r\n\r\n&nbsp;\r\n<div class=\"row\">\r\n<div class=\"col-md-6\"><img class=\"alignnone wp-image-805 size-full\" src=\"https:\/\/www.lantec-grip.com\/wp-content\/uploads\/almacen.jpg\" alt=\"Almac\u00e9n din\u00e1mico de herramientas para maquinas CNC\" width=\"800\" height=\"600\" \/><\/div>\r\n<div class=\"col-md-6\"><img class=\"alignnone wp-image-898 size-full\" src=\"https:\/\/www.lantec-grip.com\/wp-content\/uploads\/almacen-de-herramientas-dinamico.jpg\" alt=\"Almac\u00e9n de herramientas din\u00e1mico\" width=\"800\" height=\"600\" \/><\/div>\r\n<\/div>\r\n\r\n\r\nDynamic tool warehouse for CNC machines. It has different configurations and can be adapted as a conveyor on transfer lines.\r\n\r\n<img src=\"https:\/\/www.lantec-grip.com\/wp-content\/uploads\/manipulador.jpg\" alt=\"\" \/>\r\n\r\nPrecision pneumatic manipulator with horizontal and vertical movement for appliance components. It also has a rotary movement and there is a possibility of including parralel or angular pneumatic clamps.","_en_post_name":"partners","_en_post_excerpt":"","_en_post_title":"Manufacturer Partner","_de_post_content":"Seit mehr als zwanzig Jahren bieten wir unsere Dienstleistungen als Herstellerpartner f\u00fcr f\u00fchrende Automatisierungs- und Automobilunternehmen an.\r\n\r\nWir stellen unsere Erfahrung auf dem Gebiet der Technik, der Herstellung, der Lagerkontrolle und der Lieferungen zur Verf\u00fcgung und erm\u00f6glichen es den Unternehmen, durch die Delegierung dieser Aufgaben zu expandieren oder zu diversifizieren, wobei sie sich auf unsere Unterst\u00fctzung und Solvenz verlassen k\u00f6nnen.\r\n\r\nDies sind einige Beispiele f\u00fcr Serienprodukte, die lantecLT f\u00fcr f\u00fchrende Unternehmen in ihren Branchen hergestellt hat und weiterhin herstellt.\r\n\r\n&nbsp;\r\n<div class=\"row\">\r\n<div class=\"col-md-6\"><img class=\"alignnone wp-image-805 size-full\" src=\"https:\/\/www.lantec-grip.com\/wp-content\/uploads\/almacen.jpg\" alt=\"Almac\u00e9n din\u00e1mico de herramientas para maquinas CNC\" width=\"800\" height=\"600\" \/><\/div>\r\n<div class=\"col-md-6\"><img class=\"alignnone wp-image-898 size-full\" src=\"https:\/\/www.lantec-grip.com\/wp-content\/uploads\/almacen-de-herramientas-dinamico.jpg\" alt=\"Almac\u00e9n de herramientas din\u00e1mico\" width=\"800\" height=\"600\" \/><\/div>\r\n<\/div>\r\n\r\n\r\nDynamisches Werkzeugmagazin f\u00fcr CNC-Maschinen. Es hat verschiedene Konfigurationen und kann als \"F\u00f6rderer\" in Transferstra\u00dfen eingesetzt werden.\r\n\r\n<img src=\"https:\/\/www.lantec-grip.com\/wp-content\/uploads\/manipulador.jpg\" alt=\"\" \/>\r\n\r\nPneumatischer Pr\u00e4zisions-Manipulator mit horizontaler und vertikaler Bewegung f\u00fcr Haushaltsger\u00e4tekomponenten. Auch ausgestattet mit Drehbewegung und der M\u00f6glichkeit, parallele oder winklige pneumatische Klemmen einzubauen.","_de_post_name":"manufacturer-partner","_de_post_excerpt":"","_de_post_title":"Manufacturer Partner","_fr_post_content":"Voil\u00e0 plus de vingt ans que nous offrons nos services en tant que Manufacturer Partner \u00e0 des entreprises leaders en automatisation et automobile.\r\n\r\nNous mettons notre exp\u00e9rience \u00e0 disposition dans le domaine de l\u2019ing\u00e9nierie, la fabrication, le contr\u00f4le de stocks et les livraisons, permettant aux entreprises, en nous confiant ces t\u00e2ches, de se d\u00e9velopper ou se diversifier en toute s\u00e9r\u00e9nit\u00e9 gr\u00e2ce \u00e0 notre soutien et notre fiabilit\u00e9.\r\n\r\nCe sont quelques exemples de produits en s\u00e9rie que LantecLT a r\u00e9alis\u00e9 et r\u00e9alise pour des entreprises leaders dans leurs secteurs.\r\n\r\n&nbsp;\r\n<div class=\"row\">\r\n<div class=\"col-md-6\"><img class=\"alignnone wp-image-805 size-full\" src=\"https:\/\/www.lantec-grip.com\/wp-content\/uploads\/almacen.jpg\" alt=\"Almac\u00e9n din\u00e1mico de herramientas para maquinas CNC\" width=\"800\" height=\"600\" \/><\/div>\r\n<div class=\"col-md-6\"><img class=\"alignnone wp-image-898 size-full\" src=\"https:\/\/www.lantec-grip.com\/wp-content\/uploads\/almacen-de-herramientas-dinamico.jpg\" alt=\"Almac\u00e9n de herramientas din\u00e1mico\" width=\"800\" height=\"600\" \/><\/div>\r\n<\/div>\r\n\r\n\r\nEntrep\u00f4t dynamique d\u2019outils pour des machines CNC. Il a diverses configurations et peut s\u2019adapter comme \u00ab convoyeur \u00bb dans des lignes de transfert.\r\n\r\n<img src=\"https:\/\/www.lantec-grip.com\/wp-content\/uploads\/manipulador.jpg\" alt=\"\" \/>\r\n\r\nManipulateur pneumatique de pr\u00e9cision avec un mouvement horizontal et vertical pour des composants d\u2019appareils \u00e9lectrom\u00e9nagers. Il est \u00e9galement dot\u00e9 d\u2019un mouvement rotatif et la possibilit\u00e9 d\u2019inclure des pinces pneumatiques parall\u00e8les ou angulaires.","_fr_post_name":"manufacturer-partner","_fr_post_excerpt":"","_fr_post_title":"Manufacturer Partner","edit_language":"fr","footnotes":""},"class_list":["post-463","page","type-page","status-publish","hentry"],"acf":[],"yoast_head":"<!-- This site is optimized with the Yoast SEO plugin v27.6 - https:\/\/yoast.com\/product\/yoast-seo-wordpress\/ -->\n<title>Fabricaci\u00f3n de pinzas para empresas de automatizaci\u00f3n<\/title>\n<meta name=\"description\" content=\"Fabricaci\u00f3n de pinzas para empresas l\u00edderes en automatizaci\u00f3n y automoci\u00f3n nuestros servicios como manufacturer partner.\" \/>\n<meta name=\"robots\" content=\"index, follow, max-snippet:-1, max-image-preview:large, max-video-preview:-1\" \/>\n<link rel=\"canonical\" href=\"https:\/\/www.lantec-grip.com\/es\/partners\/\" \/>\n<meta property=\"og:locale\" content=\"fr_FR\" \/>\n<meta property=\"og:type\" content=\"article\" \/>\n<meta property=\"og:title\" content=\"Fabricaci\u00f3n de pinzas para empresas de automatizaci\u00f3n\" \/>\n<meta property=\"og:description\" content=\"Fabricaci\u00f3n de pinzas para empresas l\u00edderes en automatizaci\u00f3n y automoci\u00f3n nuestros servicios como manufacturer partner.\" \/>\n<meta property=\"og:url\" content=\"https:\/\/www.lantec-grip.com\/es\/partners\/\" \/>\n<meta property=\"og:site_name\" content=\"Lantec Grip\" \/>\n<meta property=\"article:modified_time\" content=\"2024-03-19T10:06:55+00:00\" \/>\n<meta property=\"og:image\" content=\"https:\/\/www.lantec-grip.com\/wp-content\/uploads\/almacen.jpg\" \/>\n<meta name=\"twitter:card\" content=\"summary_large_image\" \/>\n<script type=\"application\/ld+json\" class=\"yoast-schema-graph\">{\"@context\":\"https:\\\/\\\/schema.org\",\"@graph\":[{\"@type\":\"WebPage\",\"@id\":\"https:\\\/\\\/www.lantec-grip.com\\\/es\\\/partners\\\/\",\"url\":\"https:\\\/\\\/www.lantec-grip.com\\\/es\\\/partners\\\/\",\"name\":\"Fabricaci\u00f3n de pinzas para empresas de automatizaci\u00f3n\",\"isPartOf\":{\"@id\":\"https:\\\/\\\/www.lantec-grip.com\\\/es\\\/#website\"},\"primaryImageOfPage\":{\"@id\":\"https:\\\/\\\/www.lantec-grip.com\\\/es\\\/partners\\\/#primaryimage\"},\"image\":{\"@id\":\"https:\\\/\\\/www.lantec-grip.com\\\/es\\\/partners\\\/#primaryimage\"},\"thumbnailUrl\":\"https:\\\/\\\/www.lantec-grip.com\\\/wp-content\\\/uploads\\\/almacen.jpg\",\"datePublished\":\"2023-11-16T08:52:59+00:00\",\"dateModified\":\"2024-03-19T10:06:55+00:00\",\"description\":\"Fabricaci\u00f3n de pinzas para empresas l\u00edderes en automatizaci\u00f3n y automoci\u00f3n nuestros servicios como manufacturer partner.\",\"breadcrumb\":{\"@id\":\"https:\\\/\\\/www.lantec-grip.com\\\/es\\\/partners\\\/#breadcrumb\"},\"inLanguage\":\"fr-FR\",\"potentialAction\":[{\"@type\":\"ReadAction\",\"target\":[\"https:\\\/\\\/www.lantec-grip.com\\\/es\\\/partners\\\/\"]}]},{\"@type\":\"ImageObject\",\"inLanguage\":\"fr-FR\",\"@id\":\"https:\\\/\\\/www.lantec-grip.com\\\/es\\\/partners\\\/#primaryimage\",\"url\":\"https:\\\/\\\/www.lantec-grip.com\\\/wp-content\\\/uploads\\\/almacen.jpg\",\"contentUrl\":\"https:\\\/\\\/www.lantec-grip.com\\\/wp-content\\\/uploads\\\/almacen.jpg\"},{\"@type\":\"BreadcrumbList\",\"@id\":\"https:\\\/\\\/www.lantec-grip.com\\\/es\\\/partners\\\/#breadcrumb\",\"itemListElement\":[{\"@type\":\"ListItem\",\"position\":1,\"name\":\"Inicio\",\"item\":\"https:\\\/\\\/www.lantec-grip.com\\\/es\\\/\"},{\"@type\":\"ListItem\",\"position\":2,\"name\":\"Partners\"}]},{\"@type\":\"WebSite\",\"@id\":\"https:\\\/\\\/www.lantec-grip.com\\\/es\\\/#website\",\"url\":\"https:\\\/\\\/www.lantec-grip.com\\\/es\\\/\",\"name\":\"Lantec Grip\",\"description\":\"Dise\u00f1o y fabricaci\u00f3n de pinzas neum\u00e1ticas\",\"publisher\":{\"@id\":\"https:\\\/\\\/www.lantec-grip.com\\\/es\\\/#organization\"},\"potentialAction\":[{\"@type\":\"SearchAction\",\"target\":{\"@type\":\"EntryPoint\",\"urlTemplate\":\"https:\\\/\\\/www.lantec-grip.com\\\/es\\\/?s={search_term_string}\"},\"query-input\":{\"@type\":\"PropertyValueSpecification\",\"valueRequired\":true,\"valueName\":\"search_term_string\"}}],\"inLanguage\":\"fr-FR\"},{\"@type\":\"Organization\",\"@id\":\"https:\\\/\\\/www.lantec-grip.com\\\/es\\\/#organization\",\"name\":\"Lantec LT\",\"url\":\"https:\\\/\\\/www.lantec-grip.com\\\/es\\\/\",\"logo\":{\"@type\":\"ImageObject\",\"inLanguage\":\"fr-FR\",\"@id\":\"https:\\\/\\\/www.lantec-grip.com\\\/es\\\/#\\\/schema\\\/logo\\\/image\\\/\",\"url\":\"https:\\\/\\\/www.lantec-grip.com\\\/wp-content\\\/uploads\\\/2023\\\/11\\\/lantec-grip.png\",\"contentUrl\":\"https:\\\/\\\/www.lantec-grip.com\\\/wp-content\\\/uploads\\\/2023\\\/11\\\/lantec-grip.png\",\"width\":200,\"height\":60,\"caption\":\"Lantec LT\"},\"image\":{\"@id\":\"https:\\\/\\\/www.lantec-grip.com\\\/es\\\/#\\\/schema\\\/logo\\\/image\\\/\"}}]}<\/script>\n<!-- \/ Yoast SEO plugin. -->","yoast_head_json":{"title":"Fabricaci\u00f3n de pinzas para empresas de automatizaci\u00f3n","description":"Fabricaci\u00f3n de pinzas para empresas l\u00edderes en automatizaci\u00f3n y automoci\u00f3n nuestros servicios como manufacturer partner.","robots":{"index":"index","follow":"follow","max-snippet":"max-snippet:-1","max-image-preview":"max-image-preview:large","max-video-preview":"max-video-preview:-1"},"canonical":"https:\/\/www.lantec-grip.com\/es\/partners\/","og_locale":"fr_FR","og_type":"article","og_title":"Fabricaci\u00f3n de pinzas para empresas de automatizaci\u00f3n","og_description":"Fabricaci\u00f3n de pinzas para empresas l\u00edderes en automatizaci\u00f3n y automoci\u00f3n nuestros servicios como manufacturer partner.","og_url":"https:\/\/www.lantec-grip.com\/es\/partners\/","og_site_name":"Lantec Grip","article_modified_time":"2024-03-19T10:06:55+00:00","og_image":[{"url":"https:\/\/www.lantec-grip.com\/wp-content\/uploads\/almacen.jpg","type":"","width":"","height":""}],"twitter_card":"summary_large_image","schema":{"@context":"https:\/\/schema.org","@graph":[{"@type":"WebPage","@id":"https:\/\/www.lantec-grip.com\/es\/partners\/","url":"https:\/\/www.lantec-grip.com\/es\/partners\/","name":"Fabricaci\u00f3n de pinzas para empresas de automatizaci\u00f3n","isPartOf":{"@id":"https:\/\/www.lantec-grip.com\/es\/#website"},"primaryImageOfPage":{"@id":"https:\/\/www.lantec-grip.com\/es\/partners\/#primaryimage"},"image":{"@id":"https:\/\/www.lantec-grip.com\/es\/partners\/#primaryimage"},"thumbnailUrl":"https:\/\/www.lantec-grip.com\/wp-content\/uploads\/almacen.jpg","datePublished":"2023-11-16T08:52:59+00:00","dateModified":"2024-03-19T10:06:55+00:00","description":"Fabricaci\u00f3n de pinzas para empresas l\u00edderes en automatizaci\u00f3n y automoci\u00f3n nuestros servicios como manufacturer partner.","breadcrumb":{"@id":"https:\/\/www.lantec-grip.com\/es\/partners\/#breadcrumb"},"inLanguage":"fr-FR","potentialAction":[{"@type":"ReadAction","target":["https:\/\/www.lantec-grip.com\/es\/partners\/"]}]},{"@type":"ImageObject","inLanguage":"fr-FR","@id":"https:\/\/www.lantec-grip.com\/es\/partners\/#primaryimage","url":"https:\/\/www.lantec-grip.com\/wp-content\/uploads\/almacen.jpg","contentUrl":"https:\/\/www.lantec-grip.com\/wp-content\/uploads\/almacen.jpg"},{"@type":"BreadcrumbList","@id":"https:\/\/www.lantec-grip.com\/es\/partners\/#breadcrumb","itemListElement":[{"@type":"ListItem","position":1,"name":"Inicio","item":"https:\/\/www.lantec-grip.com\/es\/"},{"@type":"ListItem","position":2,"name":"Partners"}]},{"@type":"WebSite","@id":"https:\/\/www.lantec-grip.com\/es\/#website","url":"https:\/\/www.lantec-grip.com\/es\/","name":"Lantec Grip","description":"Dise\u00f1o y fabricaci\u00f3n de pinzas neum\u00e1ticas","publisher":{"@id":"https:\/\/www.lantec-grip.com\/es\/#organization"},"potentialAction":[{"@type":"SearchAction","target":{"@type":"EntryPoint","urlTemplate":"https:\/\/www.lantec-grip.com\/es\/?s={search_term_string}"},"query-input":{"@type":"PropertyValueSpecification","valueRequired":true,"valueName":"search_term_string"}}],"inLanguage":"fr-FR"},{"@type":"Organization","@id":"https:\/\/www.lantec-grip.com\/es\/#organization","name":"Lantec LT","url":"https:\/\/www.lantec-grip.com\/es\/","logo":{"@type":"ImageObject","inLanguage":"fr-FR","@id":"https:\/\/www.lantec-grip.com\/es\/#\/schema\/logo\/image\/","url":"https:\/\/www.lantec-grip.com\/wp-content\/uploads\/2023\/11\/lantec-grip.png","contentUrl":"https:\/\/www.lantec-grip.com\/wp-content\/uploads\/2023\/11\/lantec-grip.png","width":200,"height":60,"caption":"Lantec LT"},"image":{"@id":"https:\/\/www.lantec-grip.com\/es\/#\/schema\/logo\/image\/"}}]}},"_links":{"self":[{"href":"https:\/\/www.lantec-grip.com\/fr\/wp-json\/wp\/v2\/pages\/463","targetHints":{"allow":["GET"]}}],"collection":[{"href":"https:\/\/www.lantec-grip.com\/fr\/wp-json\/wp\/v2\/pages"}],"about":[{"href":"https:\/\/www.lantec-grip.com\/fr\/wp-json\/wp\/v2\/types\/page"}],"author":[{"embeddable":true,"href":"https:\/\/www.lantec-grip.com\/fr\/wp-json\/wp\/v2\/users\/1"}],"replies":[{"embeddable":true,"href":"https:\/\/www.lantec-grip.com\/fr\/wp-json\/wp\/v2\/comments?post=463"}],"version-history":[{"count":5,"href":"https:\/\/www.lantec-grip.com\/fr\/wp-json\/wp\/v2\/pages\/463\/revisions"}],"predecessor-version":[{"id":943,"href":"https:\/\/www.lantec-grip.com\/fr\/wp-json\/wp\/v2\/pages\/463\/revisions\/943"}],"wp:attachment":[{"href":"https:\/\/www.lantec-grip.com\/fr\/wp-json\/wp\/v2\/media?parent=463"}],"curies":[{"name":"wp","href":"https:\/\/api.w.org\/{rel}","templated":true}]}}