{"id":467,"date":"2023-11-16T09:53:39","date_gmt":"2023-11-16T08:53:39","guid":{"rendered":"https:\/\/www.lantec-grip.com\/es\/?page_id=467"},"modified":"2025-01-27T11:37:48","modified_gmt":"2025-01-27T10:37:48","slug":"contacto","status":"publish","type":"page","link":"https:\/\/www.lantec-grip.com\/es\/contacto\/","title":{"rendered":"Contacto"},"content":{"rendered":"\n<div class=\"wpcf7 no-js\" id=\"wpcf7-f878-o1\" lang=\"es-ES\" dir=\"ltr\" data-wpcf7-id=\"878\">\n<div class=\"screen-reader-response\"><p role=\"status\" aria-live=\"polite\" aria-atomic=\"true\"><\/p> <ul><\/ul><\/div>\n<form action=\"\/es\/wp-json\/wp\/v2\/pages\/467#wpcf7-f878-o1\" method=\"post\" class=\"wpcf7-form init\" aria-label=\"Formulario de contacto\" novalidate=\"novalidate\" data-status=\"init\">\n<fieldset class=\"hidden-fields-container\"><input type=\"hidden\" name=\"_wpcf7\" value=\"878\" \/><input type=\"hidden\" name=\"_wpcf7_version\" value=\"6.1.5\" \/><input type=\"hidden\" name=\"_wpcf7_locale\" value=\"es_ES\" \/><input type=\"hidden\" name=\"_wpcf7_unit_tag\" value=\"wpcf7-f878-o1\" \/><input type=\"hidden\" name=\"_wpcf7_container_post\" value=\"0\" \/><input type=\"hidden\" name=\"_wpcf7_posted_data_hash\" value=\"\" \/>\n<\/fieldset>\n<p><label> Tu nombre<br \/>\n<span class=\"wpcf7-form-control-wrap\" data-name=\"nombre\"><input size=\"40\" maxlength=\"400\" class=\"wpcf7-form-control wpcf7-text wpcf7-validates-as-required\" autocomplete=\"name\" aria-required=\"true\" aria-invalid=\"false\" value=\"\" type=\"text\" name=\"nombre\" \/><\/span> <\/label>\n<\/p>\n<p><label> Tu email<br \/>\n<span class=\"wpcf7-form-control-wrap\" data-name=\"email\"><input size=\"40\" maxlength=\"400\" class=\"wpcf7-form-control wpcf7-email wpcf7-validates-as-required wpcf7-text wpcf7-validates-as-email\" autocomplete=\"email\" aria-required=\"true\" aria-invalid=\"false\" value=\"\" type=\"email\" name=\"email\" \/><\/span> <\/label>\n<\/p>\n<p><label>Tel\u00e9fono<br \/>\n<span class=\"wpcf7-form-control-wrap\" data-name=\"telefono\"><input size=\"40\" maxlength=\"400\" class=\"wpcf7-form-control wpcf7-tel wpcf7-validates-as-required wpcf7-text wpcf7-validates-as-tel\" aria-required=\"true\" aria-invalid=\"false\" value=\"\" type=\"tel\" name=\"telefono\" \/><\/span><\/label>\n<\/p>\n<p><label> Empresa<br \/>\n<span class=\"wpcf7-form-control-wrap\" data-name=\"empresa\"><input size=\"40\" maxlength=\"400\" class=\"wpcf7-form-control wpcf7-text wpcf7-validates-as-required\" aria-required=\"true\" aria-invalid=\"false\" value=\"\" type=\"text\" name=\"empresa\" \/><\/span> <\/label>\n<\/p>\n<p><label> Tu mensaje<br \/>\n<span class=\"wpcf7-form-control-wrap\" data-name=\"mensaje\"><textarea cols=\"40\" rows=\"10\" maxlength=\"2000\" class=\"wpcf7-form-control wpcf7-textarea wpcf7-validates-as-required\" aria-required=\"true\" aria-invalid=\"false\" name=\"mensaje\"><\/textarea><\/span> <\/label>\n<\/p>\n<div class=\"privacidad\">\n\t<p><span class=\"wpcf7-form-control-wrap\" data-name=\"aviso\"><span class=\"wpcf7-form-control wpcf7-acceptance\"><span class=\"wpcf7-list-item\"><label><input type=\"checkbox\" name=\"aviso\" value=\"1\" aria-invalid=\"false\" \/><span class=\"wpcf7-list-item-label\">He le\u00eddo y acepto la <a href=\"https:\/\/www.lantec-grip.com\/es\/politica-privacidad\/\" target=\"blank\" title=\"Pol\u00edtica de privacidad\" >pol\u00edtica de privacidad de Lantec LT <\/a>.<\/span><\/label><\/span><\/span><\/span>\n\t<\/p>\n<\/div>\n<p><input class=\"wpcf7-form-control wpcf7-submit has-spinner\" type=\"submit\" value=\"Enviar\" \/>\n<\/p><div class=\"wpcf7-response-output\" aria-hidden=\"true\"><\/div>\n<\/form>\n<\/div>\n\n","protected":false},"excerpt":{"rendered":"","protected":false},"author":1,"featured_media":0,"parent":0,"menu_order":4,"comment_status":"closed","ping_status":"closed","template":"","meta":{"_es_post_content":"[contact-form-7 id=\"df5daa4\" title=\"Formulario de contacto 1\"]","_es_post_name":"contacto","_es_post_excerpt":"","_es_post_title":"Contacto","_en_post_content":"","_en_post_name":"contact","_en_post_excerpt":"","_en_post_title":"Contact","_de_post_content":"","_de_post_name":"kontakt","_de_post_excerpt":"","_de_post_title":"Kontakt","_fr_post_content":"","_fr_post_name":"contact","_fr_post_excerpt":"","_fr_post_title":"Contact","edit_language":"es","footnotes":""},"class_list":["post-467","page","type-page","status-publish","hentry"],"acf":[],"yoast_head":"<!-- This site is optimized with the Yoast SEO plugin v27.6 - https:\/\/yoast.com\/product\/yoast-seo-wordpress\/ -->\n<title>Contacto - Lantec Grip<\/title>\n<meta name=\"robots\" content=\"index, follow, max-snippet:-1, max-image-preview:large, max-video-preview:-1\" \/>\n<link rel=\"canonical\" href=\"https:\/\/www.lantec-grip.com\/es\/contacto\/\" \/>\n<meta property=\"og:locale\" content=\"es_ES\" \/>\n<meta property=\"og:type\" content=\"article\" \/>\n<meta property=\"og:title\" content=\"Contacto - Lantec Grip\" \/>\n<meta property=\"og:url\" content=\"https:\/\/www.lantec-grip.com\/es\/contacto\/\" \/>\n<meta property=\"og:site_name\" content=\"Lantec Grip\" \/>\n<meta property=\"article:modified_time\" content=\"2025-01-27T10:37:48+00:00\" \/>\n<meta name=\"twitter:card\" content=\"summary_large_image\" \/>\n<script type=\"application\/ld+json\" class=\"yoast-schema-graph\">{\"@context\":\"https:\\\/\\\/schema.org\",\"@graph\":[{\"@type\":\"WebPage\",\"@id\":\"https:\\\/\\\/www.lantec-grip.com\\\/es\\\/contacto\\\/\",\"url\":\"https:\\\/\\\/www.lantec-grip.com\\\/es\\\/contacto\\\/\",\"name\":\"Contacto - Lantec Grip\",\"isPartOf\":{\"@id\":\"https:\\\/\\\/www.lantec-grip.com\\\/es\\\/#website\"},\"datePublished\":\"2023-11-16T08:53:39+00:00\",\"dateModified\":\"2025-01-27T10:37:48+00:00\",\"breadcrumb\":{\"@id\":\"https:\\\/\\\/www.lantec-grip.com\\\/es\\\/contacto\\\/#breadcrumb\"},\"inLanguage\":\"es\",\"potentialAction\":[{\"@type\":\"ReadAction\",\"target\":[\"https:\\\/\\\/www.lantec-grip.com\\\/es\\\/contacto\\\/\"]}]},{\"@type\":\"BreadcrumbList\",\"@id\":\"https:\\\/\\\/www.lantec-grip.com\\\/es\\\/contacto\\\/#breadcrumb\",\"itemListElement\":[{\"@type\":\"ListItem\",\"position\":1,\"name\":\"Inicio\",\"item\":\"https:\\\/\\\/www.lantec-grip.com\\\/es\\\/\"},{\"@type\":\"ListItem\",\"position\":2,\"name\":\"Contacto\"}]},{\"@type\":\"WebSite\",\"@id\":\"https:\\\/\\\/www.lantec-grip.com\\\/es\\\/#website\",\"url\":\"https:\\\/\\\/www.lantec-grip.com\\\/es\\\/\",\"name\":\"Lantec Grip\",\"description\":\"Dise\u00f1o y fabricaci\u00f3n de pinzas neum\u00e1ticas\",\"publisher\":{\"@id\":\"https:\\\/\\\/www.lantec-grip.com\\\/es\\\/#organization\"},\"potentialAction\":[{\"@type\":\"SearchAction\",\"target\":{\"@type\":\"EntryPoint\",\"urlTemplate\":\"https:\\\/\\\/www.lantec-grip.com\\\/es\\\/?s={search_term_string}\"},\"query-input\":{\"@type\":\"PropertyValueSpecification\",\"valueRequired\":true,\"valueName\":\"search_term_string\"}}],\"inLanguage\":\"es\"},{\"@type\":\"Organization\",\"@id\":\"https:\\\/\\\/www.lantec-grip.com\\\/es\\\/#organization\",\"name\":\"Lantec LT\",\"url\":\"https:\\\/\\\/www.lantec-grip.com\\\/es\\\/\",\"logo\":{\"@type\":\"ImageObject\",\"inLanguage\":\"es\",\"@id\":\"https:\\\/\\\/www.lantec-grip.com\\\/es\\\/#\\\/schema\\\/logo\\\/image\\\/\",\"url\":\"https:\\\/\\\/www.lantec-grip.com\\\/wp-content\\\/uploads\\\/2023\\\/11\\\/lantec-grip.png\",\"contentUrl\":\"https:\\\/\\\/www.lantec-grip.com\\\/wp-content\\\/uploads\\\/2023\\\/11\\\/lantec-grip.png\",\"width\":200,\"height\":60,\"caption\":\"Lantec LT\"},\"image\":{\"@id\":\"https:\\\/\\\/www.lantec-grip.com\\\/es\\\/#\\\/schema\\\/logo\\\/image\\\/\"}}]}<\/script>\n<!-- \/ Yoast SEO plugin. -->","yoast_head_json":{"title":"Contacto - Lantec Grip","robots":{"index":"index","follow":"follow","max-snippet":"max-snippet:-1","max-image-preview":"max-image-preview:large","max-video-preview":"max-video-preview:-1"},"canonical":"https:\/\/www.lantec-grip.com\/es\/contacto\/","og_locale":"es_ES","og_type":"article","og_title":"Contacto - Lantec Grip","og_url":"https:\/\/www.lantec-grip.com\/es\/contacto\/","og_site_name":"Lantec Grip","article_modified_time":"2025-01-27T10:37:48+00:00","twitter_card":"summary_large_image","schema":{"@context":"https:\/\/schema.org","@graph":[{"@type":"WebPage","@id":"https:\/\/www.lantec-grip.com\/es\/contacto\/","url":"https:\/\/www.lantec-grip.com\/es\/contacto\/","name":"Contacto - Lantec Grip","isPartOf":{"@id":"https:\/\/www.lantec-grip.com\/es\/#website"},"datePublished":"2023-11-16T08:53:39+00:00","dateModified":"2025-01-27T10:37:48+00:00","breadcrumb":{"@id":"https:\/\/www.lantec-grip.com\/es\/contacto\/#breadcrumb"},"inLanguage":"es","potentialAction":[{"@type":"ReadAction","target":["https:\/\/www.lantec-grip.com\/es\/contacto\/"]}]},{"@type":"BreadcrumbList","@id":"https:\/\/www.lantec-grip.com\/es\/contacto\/#breadcrumb","itemListElement":[{"@type":"ListItem","position":1,"name":"Inicio","item":"https:\/\/www.lantec-grip.com\/es\/"},{"@type":"ListItem","position":2,"name":"Contacto"}]},{"@type":"WebSite","@id":"https:\/\/www.lantec-grip.com\/es\/#website","url":"https:\/\/www.lantec-grip.com\/es\/","name":"Lantec Grip","description":"Dise\u00f1o y fabricaci\u00f3n de pinzas neum\u00e1ticas","publisher":{"@id":"https:\/\/www.lantec-grip.com\/es\/#organization"},"potentialAction":[{"@type":"SearchAction","target":{"@type":"EntryPoint","urlTemplate":"https:\/\/www.lantec-grip.com\/es\/?s={search_term_string}"},"query-input":{"@type":"PropertyValueSpecification","valueRequired":true,"valueName":"search_term_string"}}],"inLanguage":"es"},{"@type":"Organization","@id":"https:\/\/www.lantec-grip.com\/es\/#organization","name":"Lantec LT","url":"https:\/\/www.lantec-grip.com\/es\/","logo":{"@type":"ImageObject","inLanguage":"es","@id":"https:\/\/www.lantec-grip.com\/es\/#\/schema\/logo\/image\/","url":"https:\/\/www.lantec-grip.com\/wp-content\/uploads\/2023\/11\/lantec-grip.png","contentUrl":"https:\/\/www.lantec-grip.com\/wp-content\/uploads\/2023\/11\/lantec-grip.png","width":200,"height":60,"caption":"Lantec LT"},"image":{"@id":"https:\/\/www.lantec-grip.com\/es\/#\/schema\/logo\/image\/"}}]}},"_links":{"self":[{"href":"https:\/\/www.lantec-grip.com\/es\/wp-json\/wp\/v2\/pages\/467","targetHints":{"allow":["GET"]}}],"collection":[{"href":"https:\/\/www.lantec-grip.com\/es\/wp-json\/wp\/v2\/pages"}],"about":[{"href":"https:\/\/www.lantec-grip.com\/es\/wp-json\/wp\/v2\/types\/page"}],"author":[{"embeddable":true,"href":"https:\/\/www.lantec-grip.com\/es\/wp-json\/wp\/v2\/users\/1"}],"replies":[{"embeddable":true,"href":"https:\/\/www.lantec-grip.com\/es\/wp-json\/wp\/v2\/comments?post=467"}],"version-history":[{"count":2,"href":"https:\/\/www.lantec-grip.com\/es\/wp-json\/wp\/v2\/pages\/467\/revisions"}],"predecessor-version":[{"id":879,"href":"https:\/\/www.lantec-grip.com\/es\/wp-json\/wp\/v2\/pages\/467\/revisions\/879"}],"wp:attachment":[{"href":"https:\/\/www.lantec-grip.com\/es\/wp-json\/wp\/v2\/media?parent=467"}],"curies":[{"name":"wp","href":"https:\/\/api.w.org\/{rel}","templated":true}]}}