{"id":2,"date":"2023-11-07T08:05:05","date_gmt":"2023-11-07T07:05:05","guid":{"rendered":"https:\/\/www.lantec-grip.com\/?page_id=2"},"modified":"2024-07-23T12:03:46","modified_gmt":"2024-07-23T10:03:46","slug":"pagina-de-inicio","status":"publish","type":"page","link":"https:\/\/www.lantec-grip.com\/es\/","title":{"rendered":"lantecLT, dise\u00f1o y fabricaci\u00f3n de pinzas neum\u00e1ticas y bridas neum\u00e1ticas"},"content":{"rendered":"<p>lantecLT, nace a mediados de la d\u00e9cada de los noventa desde su ingenier\u00eda matriz LANTEC2000 como respuesta a proyectos de robotizaci\u00f3n demandados por nuestros clientes y que precisan de manipulaci\u00f3n y amarre. Surge as\u00ed nuestra gama de<strong> Pinzas neum\u00e1ticas, Bridas neum\u00e1ticas, y Mesas de giro<\/strong>, cuyo concepto era el de dotar de fuerza y precisi\u00f3n mec\u00e1nica a cilindros compactos de diferentes marcas de referencia.<\/p>\n<p>Hoy en d\u00eda mantenemos esa misma filosof\u00eda con un producto propio y a su vez hemos ampliado nuestra gama con pinzas de tama\u00f1o reducido, mesas de giro y realizando desarrollos espec\u00edficos para necesidades especiales.<\/p>\n<p>A lo largo de estos a\u00f1os hemos avanzado para crear unos productos robustos y fiables lo que nos permite tener un alto grado de fidelidad.<\/p>\n<p>Nuestro objetivo es seguir satisfaciendo a nuestros clientes aportando trabajo y experiencia, de la misma manera que nuestro deseo es seguir expandiendo nuestros productos con el convencimiento de ofrecer lo mejor de nosotros mismos.<\/p>\n<div class=\"wrap\"><a class=\"btn-dest\" title=\"Dise\u00f1o y fabricaci\u00f3n de pinzas neum\u00e1ticas y bridas neum\u00e1ticas\" href=\"https:\/\/www.lantec-grip.com\/es\/ingenieria\/\"> Ingenier\u00eda <\/a><\/div>\n","protected":false},"excerpt":{"rendered":"<p>lantecLT, nace a mediados de la d\u00e9cada de los noventa desde su ingenier\u00eda matriz LANTEC2000 como respuesta a proyectos de robotizaci\u00f3n demandados por nuestros clientes y que precisan de manipulaci\u00f3n y amarre. Surge as\u00ed nuestra gama de Pinzas neum\u00e1ticas, Bridas neum\u00e1ticas, y Mesas de giro, cuyo concepto era el de dotar de fuerza y precisi\u00f3n [&hellip;]<\/p>\n","protected":false},"author":1,"featured_media":0,"parent":0,"menu_order":8,"comment_status":"closed","ping_status":"closed","template":"","meta":{"_es_post_content":"lantecLT, nace a mediados de la d\u00e9cada de los noventa desde su ingenier\u00eda matriz LANTEC2000 como respuesta a proyectos de robotizaci\u00f3n demandados por nuestros clientes y que precisan de manipulaci\u00f3n y amarre. Surge as\u00ed nuestra gama de<strong> Pinzas neum\u00e1ticas, Bridas neum\u00e1ticas, y Mesas de giro<\/strong>, cuyo concepto era el de dotar de fuerza y precisi\u00f3n mec\u00e1nica a cilindros compactos de diferentes marcas de referencia.\r\n\r\nHoy en d\u00eda mantenemos esa misma filosof\u00eda con un producto propio y a su vez hemos ampliado nuestra gama con pinzas de tama\u00f1o reducido, mesas de giro y realizando desarrollos espec\u00edficos para necesidades especiales.\r\n\r\nA lo largo de estos a\u00f1os hemos avanzado para crear unos productos robustos y fiables lo que nos permite tener un alto grado de fidelidad.\r\n\r\nNuestro objetivo es seguir satisfaciendo a nuestros clientes aportando trabajo y experiencia, de la misma manera que nuestro deseo es seguir expandiendo nuestros productos con el convencimiento de ofrecer lo mejor de nosotros mismos.\r\n<div class=\"wrap\"><a class=\"btn-dest\" title=\"Dise\u00f1o y fabricaci\u00f3n de pinzas neum\u00e1ticas y bridas neum\u00e1ticas\" href=\"https:\/\/www.lantec-grip.com\/es\/ingenieria\/\"> Ingenier\u00eda <\/a><\/div>","_es_post_name":"pagina-de-inicio","_es_post_excerpt":"","_es_post_title":"lantecLT, dise\u00f1o y fabricaci\u00f3n de pinzas neum\u00e1ticas y bridas neum\u00e1ticas","_en_post_content":"lantecLT started in the mid-nineties from their parent engineering company, Lantec 2000, as a response to our customers who demanded services in handling and picking. Hence our range of clamps and pneumatic flanges, whose concept is to give strength and mechanical precision to compact cylinders of brands such as SMC or JOUCOMATIC-NUMATICS.\r\n\r\nToday, this concept has been broadened with ranges of clamps for handling small pieces, rotary tables, customized projects, etc.\r\n\r\nThroughout these years we have advanced to create some robust and reliable products which allows us to have a high degree of customer loyalty and satisfaction.\r\n<div class=\"wrap\"><a class=\"btn-dest\" title=\"Lantec ingenieria\" href=\"https:\/\/www.lantec-grip.com\/en\/engineering\/\"> Engineering<\/a><\/div>","_en_post_name":"pagina-de-inicio","_en_post_excerpt":"","_en_post_title":"lantecLT","_de_post_content":"LantecLT gibt es seit Mitte der 90er Jahre als Tochtergesellschaft von Lantec 2000 und Antwort auf die Handhabungs- und Spannsystemvorhaben unserer Kunden. So ist unser Sortiment an Pneumatik-Greifern und -Spannern entstanden, die daf\u00fcr konzipiert sind, dass Kompaktzylinder von Marken wie SMC oder JOUCOMATIC - NUMATICS die n\u00f6tige mechanischen St\u00e4rke und Pr\u00e4zision erhalten.\r\n\r\nDieses Konzept ist heute um Greifer-Sortimente f\u00fcr die Bearbeitung kleiner Werkteile, Dreheinrichtungen und Projektanfertigungen, etc. erweitert worden.\r\n\r\n\u00dcber die Jahre sind wir weiter vorangeschritten, um robuste und verl\u00e4ssliche Produkte herzustellen, die unseren hohen Grad an Kundentreue und -zufriedenheit m\u00f6glich machen.\r\n<div class=\"wrap\"><a class=\"btn-dest\" title=\"Lantec ingenieria\" href=\"https:\/\/www.lantec-grip.com\/de\/maschinenbau\/\"> Maschinenbau<\/a><\/div>","_de_post_name":"pagina-de-inicio","_de_post_excerpt":"","_de_post_title":"Lantec LT","_fr_post_content":"LantecLT voit le jour au milieu des ann\u00e9es quatre-vingt-dix de son ing\u00e9nierie m\u00e8re Lantec 2000 en r\u00e9ponse \u00e0 des projets de manutention et d\u2019ancrage fortement demand\u00e9s par nos clients. De l\u00e0 na\u00eet notre gamme de pinces et de brides pneumatiques qui vise \u00e0 octroyer force et pr\u00e9cision m\u00e9canique aux cylindres compacts de marques telles que SMC ou JOUCOMATIC \u2013 NUMATICS.\r\n\r\nAujourd\u2019hui, ce concept s\u2019est \u00e9toff\u00e9 avec des gammes de pinces destin\u00e9es \u00e0 la manipulation de petites pi\u00e8ces, des tables rotatives, des projets personnalis\u00e9s, etc.\r\n\r\nTout au long de ces ann\u00e9es, nous avons avanc\u00e9 pour cr\u00e9er des projets solides et fiables nous permettant de nous targuer de la fid\u00e9lit\u00e9 et de la satisfaction de nos clients.\r\n<div class=\"wrap\"><a class=\"btn-dest\" title=\"Lantec ingenieria\" href=\"https:\/\/www.lantec-grip.com\/fr\/ingenierie\/\"> Ing\u00e9nierie<\/a><\/div>","_fr_post_name":"pagina-de-inicio","_fr_post_excerpt":"","_fr_post_title":"Lantec LT","edit_language":"es","footnotes":""},"class_list":["post-2","page","type-page","status-publish","hentry"],"acf":[],"yoast_head":"<!-- This site is optimized with the Yoast SEO plugin v27.6 - https:\/\/yoast.com\/product\/yoast-seo-wordpress\/ -->\n<title>Pinzas neum\u00e1ticas y bridas neum\u00e1ticas para la manipulaci\u00f3n<\/title>\n<meta name=\"description\" content=\"Pinzas ne\u00famaticas rob\u00f3ticas, Bridas neum\u00e1ticas, y Mesas de giro, para el desarrollo de proyectos rob\u00f3ticos y de mecanizaci\u00f3n.\" \/>\n<meta name=\"robots\" content=\"index, follow, max-snippet:-1, max-image-preview:large, max-video-preview:-1\" \/>\n<link rel=\"canonical\" href=\"https:\/\/www.lantec-grip.com\/es\/\" \/>\n<meta property=\"og:locale\" content=\"es_ES\" \/>\n<meta property=\"og:type\" content=\"article\" \/>\n<meta property=\"og:title\" content=\"Pinzas neum\u00e1ticas y bridas neum\u00e1ticas para la manipulaci\u00f3n\" \/>\n<meta property=\"og:description\" content=\"Pinzas ne\u00famaticas rob\u00f3ticas, Bridas neum\u00e1ticas, y Mesas de giro, para el desarrollo de proyectos rob\u00f3ticos y de mecanizaci\u00f3n.\" \/>\n<meta property=\"og:url\" content=\"https:\/\/www.lantec-grip.com\/es\/\" \/>\n<meta property=\"og:site_name\" content=\"Lantec Grip\" \/>\n<meta property=\"article:modified_time\" content=\"2024-07-23T10:03:46+00:00\" \/>\n<meta name=\"twitter:card\" content=\"summary_large_image\" \/>\n<script type=\"application\/ld+json\" class=\"yoast-schema-graph\">{\"@context\":\"https:\\\/\\\/schema.org\",\"@graph\":[{\"@type\":\"WebPage\",\"@id\":\"https:\\\/\\\/www.lantec-grip.com\\\/es\\\/\",\"url\":\"https:\\\/\\\/www.lantec-grip.com\\\/es\\\/\",\"name\":\"Pinzas neum\u00e1ticas y bridas neum\u00e1ticas para la manipulaci\u00f3n\",\"isPartOf\":{\"@id\":\"https:\\\/\\\/www.lantec-grip.com\\\/es\\\/#website\"},\"datePublished\":\"2023-11-07T07:05:05+00:00\",\"dateModified\":\"2024-07-23T10:03:46+00:00\",\"description\":\"Pinzas ne\u00famaticas rob\u00f3ticas, Bridas neum\u00e1ticas, y Mesas de giro, para el desarrollo de proyectos rob\u00f3ticos y de mecanizaci\u00f3n.\",\"breadcrumb\":{\"@id\":\"https:\\\/\\\/www.lantec-grip.com\\\/es\\\/#breadcrumb\"},\"inLanguage\":\"es\",\"potentialAction\":[{\"@type\":\"ReadAction\",\"target\":[\"https:\\\/\\\/www.lantec-grip.com\\\/es\\\/\"]}]},{\"@type\":\"BreadcrumbList\",\"@id\":\"https:\\\/\\\/www.lantec-grip.com\\\/es\\\/#breadcrumb\",\"itemListElement\":[{\"@type\":\"ListItem\",\"position\":1,\"name\":\"Inicio\",\"item\":\"https:\\\/\\\/www.lantec-grip.com\\\/es\\\/\"},{\"@type\":\"ListItem\",\"position\":2,\"name\":\"lantecLT, dise\u00f1o y fabricaci\u00f3n de pinzas neum\u00e1ticas y bridas neum\u00e1ticas\"}]},{\"@type\":\"WebSite\",\"@id\":\"https:\\\/\\\/www.lantec-grip.com\\\/es\\\/#website\",\"url\":\"https:\\\/\\\/www.lantec-grip.com\\\/es\\\/\",\"name\":\"Lantec Grip\",\"description\":\"Dise\u00f1o y fabricaci\u00f3n de pinzas neum\u00e1ticas\",\"publisher\":{\"@id\":\"https:\\\/\\\/www.lantec-grip.com\\\/es\\\/#organization\"},\"potentialAction\":[{\"@type\":\"SearchAction\",\"target\":{\"@type\":\"EntryPoint\",\"urlTemplate\":\"https:\\\/\\\/www.lantec-grip.com\\\/es\\\/?s={search_term_string}\"},\"query-input\":{\"@type\":\"PropertyValueSpecification\",\"valueRequired\":true,\"valueName\":\"search_term_string\"}}],\"inLanguage\":\"es\"},{\"@type\":\"Organization\",\"@id\":\"https:\\\/\\\/www.lantec-grip.com\\\/es\\\/#organization\",\"name\":\"Lantec LT\",\"url\":\"https:\\\/\\\/www.lantec-grip.com\\\/es\\\/\",\"logo\":{\"@type\":\"ImageObject\",\"inLanguage\":\"es\",\"@id\":\"https:\\\/\\\/www.lantec-grip.com\\\/es\\\/#\\\/schema\\\/logo\\\/image\\\/\",\"url\":\"https:\\\/\\\/www.lantec-grip.com\\\/wp-content\\\/uploads\\\/2023\\\/11\\\/lantec-grip.png\",\"contentUrl\":\"https:\\\/\\\/www.lantec-grip.com\\\/wp-content\\\/uploads\\\/2023\\\/11\\\/lantec-grip.png\",\"width\":200,\"height\":60,\"caption\":\"Lantec LT\"},\"image\":{\"@id\":\"https:\\\/\\\/www.lantec-grip.com\\\/es\\\/#\\\/schema\\\/logo\\\/image\\\/\"}}]}<\/script>\n<!-- \/ Yoast SEO plugin. -->","yoast_head_json":{"title":"Pinzas neum\u00e1ticas y bridas neum\u00e1ticas para la manipulaci\u00f3n","description":"Pinzas ne\u00famaticas rob\u00f3ticas, Bridas neum\u00e1ticas, y Mesas de giro, para el desarrollo de proyectos rob\u00f3ticos y de mecanizaci\u00f3n.","robots":{"index":"index","follow":"follow","max-snippet":"max-snippet:-1","max-image-preview":"max-image-preview:large","max-video-preview":"max-video-preview:-1"},"canonical":"https:\/\/www.lantec-grip.com\/es\/","og_locale":"es_ES","og_type":"article","og_title":"Pinzas neum\u00e1ticas y bridas neum\u00e1ticas para la manipulaci\u00f3n","og_description":"Pinzas ne\u00famaticas rob\u00f3ticas, Bridas neum\u00e1ticas, y Mesas de giro, para el desarrollo de proyectos rob\u00f3ticos y de mecanizaci\u00f3n.","og_url":"https:\/\/www.lantec-grip.com\/es\/","og_site_name":"Lantec Grip","article_modified_time":"2024-07-23T10:03:46+00:00","twitter_card":"summary_large_image","schema":{"@context":"https:\/\/schema.org","@graph":[{"@type":"WebPage","@id":"https:\/\/www.lantec-grip.com\/es\/","url":"https:\/\/www.lantec-grip.com\/es\/","name":"Pinzas neum\u00e1ticas y bridas neum\u00e1ticas para la manipulaci\u00f3n","isPartOf":{"@id":"https:\/\/www.lantec-grip.com\/es\/#website"},"datePublished":"2023-11-07T07:05:05+00:00","dateModified":"2024-07-23T10:03:46+00:00","description":"Pinzas ne\u00famaticas rob\u00f3ticas, Bridas neum\u00e1ticas, y Mesas de giro, para el desarrollo de proyectos rob\u00f3ticos y de mecanizaci\u00f3n.","breadcrumb":{"@id":"https:\/\/www.lantec-grip.com\/es\/#breadcrumb"},"inLanguage":"es","potentialAction":[{"@type":"ReadAction","target":["https:\/\/www.lantec-grip.com\/es\/"]}]},{"@type":"BreadcrumbList","@id":"https:\/\/www.lantec-grip.com\/es\/#breadcrumb","itemListElement":[{"@type":"ListItem","position":1,"name":"Inicio","item":"https:\/\/www.lantec-grip.com\/es\/"},{"@type":"ListItem","position":2,"name":"lantecLT, dise\u00f1o y fabricaci\u00f3n de pinzas neum\u00e1ticas y bridas neum\u00e1ticas"}]},{"@type":"WebSite","@id":"https:\/\/www.lantec-grip.com\/es\/#website","url":"https:\/\/www.lantec-grip.com\/es\/","name":"Lantec Grip","description":"Dise\u00f1o y fabricaci\u00f3n de pinzas neum\u00e1ticas","publisher":{"@id":"https:\/\/www.lantec-grip.com\/es\/#organization"},"potentialAction":[{"@type":"SearchAction","target":{"@type":"EntryPoint","urlTemplate":"https:\/\/www.lantec-grip.com\/es\/?s={search_term_string}"},"query-input":{"@type":"PropertyValueSpecification","valueRequired":true,"valueName":"search_term_string"}}],"inLanguage":"es"},{"@type":"Organization","@id":"https:\/\/www.lantec-grip.com\/es\/#organization","name":"Lantec LT","url":"https:\/\/www.lantec-grip.com\/es\/","logo":{"@type":"ImageObject","inLanguage":"es","@id":"https:\/\/www.lantec-grip.com\/es\/#\/schema\/logo\/image\/","url":"https:\/\/www.lantec-grip.com\/wp-content\/uploads\/2023\/11\/lantec-grip.png","contentUrl":"https:\/\/www.lantec-grip.com\/wp-content\/uploads\/2023\/11\/lantec-grip.png","width":200,"height":60,"caption":"Lantec LT"},"image":{"@id":"https:\/\/www.lantec-grip.com\/es\/#\/schema\/logo\/image\/"}}]}},"_links":{"self":[{"href":"https:\/\/www.lantec-grip.com\/es\/wp-json\/wp\/v2\/pages\/2","targetHints":{"allow":["GET"]}}],"collection":[{"href":"https:\/\/www.lantec-grip.com\/es\/wp-json\/wp\/v2\/pages"}],"about":[{"href":"https:\/\/www.lantec-grip.com\/es\/wp-json\/wp\/v2\/types\/page"}],"author":[{"embeddable":true,"href":"https:\/\/www.lantec-grip.com\/es\/wp-json\/wp\/v2\/users\/1"}],"replies":[{"embeddable":true,"href":"https:\/\/www.lantec-grip.com\/es\/wp-json\/wp\/v2\/comments?post=2"}],"version-history":[{"count":5,"href":"https:\/\/www.lantec-grip.com\/es\/wp-json\/wp\/v2\/pages\/2\/revisions"}],"predecessor-version":[{"id":975,"href":"https:\/\/www.lantec-grip.com\/es\/wp-json\/wp\/v2\/pages\/2\/revisions\/975"}],"wp:attachment":[{"href":"https:\/\/www.lantec-grip.com\/es\/wp-json\/wp\/v2\/media?parent=2"}],"curies":[{"name":"wp","href":"https:\/\/api.w.org\/{rel}","templated":true}]}}