{"id":465,"date":"2023-11-16T09:53:17","date_gmt":"2023-11-16T08:53:17","guid":{"rendered":"https:\/\/www.lantec-grip.com\/es\/?page_id=465"},"modified":"2024-07-24T11:02:06","modified_gmt":"2024-07-24T09:02:06","slug":"distributors","status":"publish","type":"page","link":"https:\/\/www.lantec-grip.com\/en\/distributors\/","title":{"rendered":"Distributors","raw":"Distributors"},"content":{"rendered":"","protected":false,"raw":""},"excerpt":{"rendered":"","protected":false,"raw":""},"author":1,"featured_media":0,"parent":0,"menu_order":5,"comment_status":"closed","ping_status":"closed","template":"page-templates\/page-full.php","meta":{"_es_post_content":"[google_map_easy id=\"2\"]\r\n\r\n<div id=\"fp_locationlist\" class=\"container-xl\">\r\n<div class=\"row\">\r\n<div class=\"col-6 col-lg-4 col-xl-3 d-flex\">\r\n<div class=\"inlocation\">\r\n<h4>BECO Neum\u00e1tica Hidr\u00e1ulica<\/h4>\r\n<div class=\"infoboxcontent\">\r\n\r\nP. I. San Cristobal, Calle Aluminio, 16, 47012, Valladolid (Valladolid)\r\n\r\n<span class=\"dashicons dashicons-phone\"><\/span> 983217644 \/ 983217645\r\n<span class=\"dashicons dashicons-email-alt\"><\/span> info@nhbeco.com\r\n\r\n<\/div>\r\n<\/div>\r\n<\/div>\r\n<div class=\"col-6 col-lg-4 col-xl-3 d-flex\">\r\n<div class=\"inlocation\">\r\n<h4>BI-YAK Burgos<\/h4>\r\n<div class=\"infoboxcontent\">\r\n\r\nPadre Silverio, 3, 09001, Burgos (Burgos)\r\n\r\n<span class=\"dashicons dashicons-phone\"><\/span> 947268553\r\n<span class=\"dashicons dashicons-email-alt\"><\/span> burgos@bi-yak.es\r\n\r\n<\/div>\r\n<\/div>\r\n<\/div>\r\n<div class=\"col-6 col-lg-4 col-xl-3 d-flex\">\r\n<div class=\"inlocation\">\r\n<h4>BI-YAK La Rioja<\/h4>\r\n<div class=\"infoboxcontent\">\r\n\r\nP.I. La Portalada, Calle Circunde, 6-G, 26006, Logro\u00f1o (La Rioja)\r\n\r\n<span class=\"dashicons dashicons-phone\"><\/span> 941236559\r\n<span class=\"dashicons dashicons-email-alt\"><\/span> rioja@bi-yak.es\r\n\r\n<\/div>\r\n<\/div>\r\n<\/div>\r\n<div class=\"col-6 col-lg-4 col-xl-3 d-flex\">\r\n<div class=\"inlocation\">\r\n<h4>BI-YAK Navarra<\/h4>\r\n<div class=\"infoboxcontent\">\r\n\r\nP.I. Comarca I, Calle M, 12, 31160, Orcoyen (Navarra)\r\n\r\n<span class=\"dashicons dashicons-phone\"><\/span> 948355100\r\n<span class=\"dashicons dashicons-email-alt\"><\/span> navarra@bi-yak.es\r\n\r\n<\/div>\r\n<\/div>\r\n<\/div>\r\n<div class=\"col-6 col-lg-4 col-xl-3 d-flex\">\r\n<div class=\"inlocation\">\r\n<h4>BI-YAK Vitoria<\/h4>\r\n<div class=\"infoboxcontent\">\r\n\r\nPortal de Gamarra, 7, 01013, Vitoria-Gasteiz (\u00c1lava-Araba)\r\n\r\n<span class=\"dashicons dashicons-phone\"><\/span> 945257299\r\n<span class=\"dashicons dashicons-email-alt\"><\/span> vitoria@bi-yak.es\r\n\r\n<\/div>\r\n<\/div>\r\n<\/div>\r\n<div class=\"col-6 col-lg-4 col-xl-3 d-flex\">\r\n<div class=\"inlocation\">\r\n<h4>Comercial NEUMHI<\/h4>\r\n<div class=\"infoboxcontent\">\r\n\r\nP. I. Les Gavarres, Avinguda Madrid, 28, B, 08711, \u00d2dena (Barcelona)\r\n\r\n<span class=\"dashicons dashicons-phone\"><\/span> 961275340\r\n<span class=\"dashicons dashicons-email-alt\"><\/span> info@neumhi.com\r\n\r\n<\/div>\r\n<\/div>\r\n<\/div>\r\n<div class=\"col-6 col-lg-4 col-xl-3 d-flex\">\r\n<div class=\"inlocation\">\r\n<h4>DEXIS BFC<\/h4>\r\n<div class=\"infoboxcontent\">\r\n\r\n21-23 Rue Emile Zola, 69150, D\u00e9cines-Charpieu\r\n\r\n<span class=\"dashicons dashicons-phone\"><\/span> 0472056410\r\n<span class=\"dashicons dashicons-email-alt\"><\/span> achats.bfc@dexis.eu\r\n\r\n<\/div>\r\n<\/div>\r\n<\/div>\r\n<div class=\"col-6 col-lg-4 col-xl-3 d-flex\">\r\n<div class=\"inlocation\">\r\n<h4>DEXIS Ib\u00e9rica<\/h4>\r\n<div class=\"infoboxcontent\">\r\n\r\nP. I. PPI 7, Parcela C1, Nave 7, 36475, Porri\u00f1o (Pontevedra)\r\n\r\n<span class=\"dashicons dashicons-phone\"><\/span> 986415599\r\n<span class=\"dashicons dashicons-email-alt\"><\/span> info.vigo@dexis-iberica.com\r\n\r\n<\/div>\r\n<\/div>\r\n<\/div>\r\n<div class=\"col-6 col-lg-4 col-xl-3 d-flex\">\r\n<div class=\"inlocation\">\r\n<h4>DIPRAX<\/h4>\r\n<div class=\"infoboxcontent\">\r\n\r\nP. I. Belartza, Calle Gurutzegi, 17, Pab. D4\/D5, 20018, Donostia (Gipuzkoa)\r\n\r\n<span class=\"dashicons dashicons-phone\"><\/span> 943377740\r\n<span class=\"dashicons dashicons-email-alt\"><\/span> compras@diprax.es\r\n\r\n<\/div>\r\n<\/div>\r\n<\/div>\r\n<div class=\"col-6 col-lg-4 col-xl-3 d-flex\">\r\n<div class=\"inlocation\">\r\n<h4>ESTEHYNE S.L.<\/h4>\r\n<div class=\"infoboxcontent\">\r\n\r\nCalle Larrondo Beheko Etorbidea, Edificio 3, Naves P7-8, 48180, Loiu (Bizkaia)\r\n\r\n<span class=\"dashicons dashicons-phone\"><\/span> 944538012\r\n<span class=\"dashicons dashicons-email-alt\"><\/span> estehyne@estehyne.com\r\n\r\n<\/div>\r\n<\/div>\r\n<\/div>\r\n<div class=\"col-6 col-lg-4 col-xl-3 d-flex\">\r\n<div class=\"inlocation\">\r\n<h4>FLUITECNIK<\/h4>\r\n<div class=\"infoboxcontent\">\r\n\r\nP. I. Comarca I, Calle G, Parcela D30, 31160, Orkoien (Navarra)\r\n\r\n<span class=\"dashicons dashicons-phone\"><\/span> 948309055\r\n<span class=\"dashicons dashicons-email-alt\"><\/span> comercial@fluitecnik.com\r\n\r\n<\/div>\r\n<\/div>\r\n<\/div>\r\n<div class=\"col-6 col-lg-4 col-xl-3 d-flex\">\r\n<div class=\"inlocation\">\r\n<h4>FS Engineering<\/h4>\r\n<div class=\"infoboxcontent\">\r\n\r\n11 Scriven Road, Knaresborough, HG5 9EQ\r\n\r\n<span class=\"dashicons dashicons-phone\"><\/span> 01423541133\r\n<span class=\"dashicons dashicons-email-alt\"><\/span> fsengineering@ntlworld.com\r\n\r\n<\/div>\r\n<\/div>\r\n<\/div>\r\n<div class=\"col-6 col-lg-4 col-xl-3 d-flex\">\r\n<div class=\"inlocation\">\r\n<h4>IMA Enterprises<\/h4>\r\n<div class=\"infoboxcontent\">\r\n\r\n27027 WESTHEIMER PARKWAY SUITE 1400 KATY, Texas 77494\r\n\r\n<span class=\"dashicons dashicons-phone\"><\/span> 2817589581\r\n<span class=\"dashicons dashicons-email-alt\"><\/span> sales@imaenterprises.com\r\n\r\n<\/div>\r\n<\/div>\r\n<\/div>\r\n<div class=\"col-6 col-lg-4 col-xl-3 d-flex\">\r\n<div class=\"inlocation\">\r\n<h4>KAYMA<\/h4>\r\n<div class=\"infoboxcontent\">\r\n\r\nP. I. Ibarluze, Pabell\u00f3n A-8, 20120, Hernani (Gipuzkoa)\r\n\r\n<span class=\"dashicons dashicons-phone\"><\/span> 943334062\r\n<span class=\"dashicons dashicons-email-alt\"><\/span> comercial@kaymasistemas.com\r\n\r\n<\/div>\r\n<\/div>\r\n<\/div>\r\n<div class=\"col-6 col-lg-4 col-xl-3 d-flex\">\r\n<div class=\"inlocation\">\r\n<h4>MAIN<\/h4>\r\n<div class=\"infoboxcontent\">\r\n\r\nCalle Camelia, 16, 28970, Humanes (Madrid)\r\n\r\n<span class=\"dashicons dashicons-phone\"><\/span> 916906949\r\n<span class=\"dashicons dashicons-email-alt\"><\/span> main-sl@main-sl.com\r\n\r\n<\/div>\r\n<\/div>\r\n<\/div>\r\n<div class=\"col-6 col-lg-4 col-xl-3 d-flex\">\r\n<div class=\"inlocation\">\r\n<h4>PURTEC Engineering GmbH<\/h4>\r\n<div class=\"infoboxcontent\">\r\n\r\nKesselhausring 4, 02699, K\u00f6nigswartha \r\n\r\n<span class=\"dashicons dashicons-phone\"><\/span> 0359311669525\r\n<span class=\"dashicons dashicons-email-alt\"><\/span> info@purtec.bz\r\n\r\n<\/div>\r\n<\/div>\r\n<\/div>\r\n<div class=\"col-6 col-lg-4 col-xl-3 d-flex\">\r\n<div class=\"inlocation\">\r\n<h4>SEFI<\/h4>\r\n<div class=\"infoboxcontent\">\r\n\r\n15 Rue des Entrepreneurs 1, 86000, Poitiers\r\n\r\n<span class=\"dashicons dashicons-phone\"><\/span> 0549376700\r\n<span class=\"dashicons dashicons-email-alt\"><\/span> import@sefitransmission.fr\r\n\r\n<\/div>\r\n<\/div>\r\n<\/div>\r\n<div class=\"col-6 col-lg-4 col-xl-3 d-flex\">\r\n<div class=\"inlocation\">\r\n<h4>VALPI Pneumatic, S.L.<\/h4>\r\n<div class=\"infoboxcontent\">\r\n\r\nCarrer del Corretger, 71, 46980, Paterna (Valencia)\r\n\r\n<span class=\"dashicons dashicons-phone\"><\/span> 961275340\r\n<span class=\"dashicons dashicons-email-alt\"><\/span> comercial@valpi.es\r\n\r\n<\/div>\r\n<\/div>\r\n<\/div>\r\n<\/div>\r\n<\/div>","_es_post_name":"distribuidores","_es_post_excerpt":"","_es_post_title":"Distribuidores","_en_post_content":"","_en_post_name":"distributors","_en_post_excerpt":"","_en_post_title":"Distributors","_de_post_content":"","_de_post_name":"handler","_de_post_excerpt":"","_de_post_title":"H\u00e4ndler","_fr_post_content":"","_fr_post_name":"revendeurs","_fr_post_excerpt":"","_fr_post_title":"Revendeurs","edit_language":"en","footnotes":""},"class_list":["post-465","page","type-page","status-publish","hentry"],"acf":[],"yoast_head":"<!-- This site is optimized with the Yoast SEO plugin v27.6 - https:\/\/yoast.com\/product\/yoast-seo-wordpress\/ -->\n<title>Distribuidores - Lantec Grip<\/title>\n<meta name=\"robots\" content=\"index, follow, max-snippet:-1, max-image-preview:large, max-video-preview:-1\" \/>\n<link rel=\"canonical\" href=\"https:\/\/www.lantec-grip.com\/es\/distribuidores\/\" \/>\n<meta property=\"og:locale\" content=\"en_US\" \/>\n<meta property=\"og:type\" content=\"article\" \/>\n<meta property=\"og:title\" content=\"Distribuidores - Lantec Grip\" \/>\n<meta property=\"og:description\" content=\"BECO Neum\u00e1tica Hidr\u00e1ulica P. I. San Cristobal, Calle Aluminio, 16, 47012, Valladolid (Valladolid) 983217644 \/ 983217645 info@nhbeco.com BI-YAK Burgos Padre Silverio, 3, 09001, Burgos (Burgos) 947268553 burgos@bi-yak.es BI-YAK La Rioja P.I. La Portalada, Calle Circunde, 6-G, 26006, Logro\u00f1o (La Rioja) 941236559 rioja@bi-yak.es BI-YAK Navarra P.I. Comarca I, Calle M, 12, 31160, Orcoyen (Navarra) 948355100 navarra@bi-yak.es [&hellip;]\" \/>\n<meta property=\"og:url\" content=\"https:\/\/www.lantec-grip.com\/es\/distribuidores\/\" \/>\n<meta property=\"og:site_name\" content=\"Lantec Grip\" \/>\n<meta property=\"article:modified_time\" content=\"2024-07-24T09:02:06+00:00\" \/>\n<meta name=\"twitter:card\" content=\"summary_large_image\" \/>\n<script type=\"application\/ld+json\" class=\"yoast-schema-graph\">{\"@context\":\"https:\\\/\\\/schema.org\",\"@graph\":[{\"@type\":\"WebPage\",\"@id\":\"https:\\\/\\\/www.lantec-grip.com\\\/es\\\/distribuidores\\\/\",\"url\":\"https:\\\/\\\/www.lantec-grip.com\\\/es\\\/distribuidores\\\/\",\"name\":\"Distribuidores - Lantec Grip\",\"isPartOf\":{\"@id\":\"https:\\\/\\\/www.lantec-grip.com\\\/es\\\/#website\"},\"datePublished\":\"2023-11-16T08:53:17+00:00\",\"dateModified\":\"2024-07-24T09:02:06+00:00\",\"breadcrumb\":{\"@id\":\"https:\\\/\\\/www.lantec-grip.com\\\/es\\\/distribuidores\\\/#breadcrumb\"},\"inLanguage\":\"en-EN\",\"potentialAction\":[{\"@type\":\"ReadAction\",\"target\":[\"https:\\\/\\\/www.lantec-grip.com\\\/es\\\/distribuidores\\\/\"]}]},{\"@type\":\"BreadcrumbList\",\"@id\":\"https:\\\/\\\/www.lantec-grip.com\\\/es\\\/distribuidores\\\/#breadcrumb\",\"itemListElement\":[{\"@type\":\"ListItem\",\"position\":1,\"name\":\"Inicio\",\"item\":\"https:\\\/\\\/www.lantec-grip.com\\\/es\\\/\"},{\"@type\":\"ListItem\",\"position\":2,\"name\":\"Distribuidores\"}]},{\"@type\":\"WebSite\",\"@id\":\"https:\\\/\\\/www.lantec-grip.com\\\/es\\\/#website\",\"url\":\"https:\\\/\\\/www.lantec-grip.com\\\/es\\\/\",\"name\":\"Lantec Grip\",\"description\":\"Dise\u00f1o y fabricaci\u00f3n de pinzas neum\u00e1ticas\",\"publisher\":{\"@id\":\"https:\\\/\\\/www.lantec-grip.com\\\/es\\\/#organization\"},\"potentialAction\":[{\"@type\":\"SearchAction\",\"target\":{\"@type\":\"EntryPoint\",\"urlTemplate\":\"https:\\\/\\\/www.lantec-grip.com\\\/es\\\/?s={search_term_string}\"},\"query-input\":{\"@type\":\"PropertyValueSpecification\",\"valueRequired\":true,\"valueName\":\"search_term_string\"}}],\"inLanguage\":\"en-EN\"},{\"@type\":\"Organization\",\"@id\":\"https:\\\/\\\/www.lantec-grip.com\\\/es\\\/#organization\",\"name\":\"Lantec LT\",\"url\":\"https:\\\/\\\/www.lantec-grip.com\\\/es\\\/\",\"logo\":{\"@type\":\"ImageObject\",\"inLanguage\":\"en-EN\",\"@id\":\"https:\\\/\\\/www.lantec-grip.com\\\/es\\\/#\\\/schema\\\/logo\\\/image\\\/\",\"url\":\"https:\\\/\\\/www.lantec-grip.com\\\/wp-content\\\/uploads\\\/2023\\\/11\\\/lantec-grip.png\",\"contentUrl\":\"https:\\\/\\\/www.lantec-grip.com\\\/wp-content\\\/uploads\\\/2023\\\/11\\\/lantec-grip.png\",\"width\":200,\"height\":60,\"caption\":\"Lantec LT\"},\"image\":{\"@id\":\"https:\\\/\\\/www.lantec-grip.com\\\/es\\\/#\\\/schema\\\/logo\\\/image\\\/\"}}]}<\/script>\n<!-- \/ Yoast SEO plugin. -->","yoast_head_json":{"title":"Distribuidores - Lantec Grip","robots":{"index":"index","follow":"follow","max-snippet":"max-snippet:-1","max-image-preview":"max-image-preview:large","max-video-preview":"max-video-preview:-1"},"canonical":"https:\/\/www.lantec-grip.com\/es\/distribuidores\/","og_locale":"en_US","og_type":"article","og_title":"Distribuidores - Lantec Grip","og_description":"BECO Neum\u00e1tica Hidr\u00e1ulica P. I. San Cristobal, Calle Aluminio, 16, 47012, Valladolid (Valladolid) 983217644 \/ 983217645 info@nhbeco.com BI-YAK Burgos Padre Silverio, 3, 09001, Burgos (Burgos) 947268553 burgos@bi-yak.es BI-YAK La Rioja P.I. La Portalada, Calle Circunde, 6-G, 26006, Logro\u00f1o (La Rioja) 941236559 rioja@bi-yak.es BI-YAK Navarra P.I. Comarca I, Calle M, 12, 31160, Orcoyen (Navarra) 948355100 navarra@bi-yak.es [&hellip;]","og_url":"https:\/\/www.lantec-grip.com\/es\/distribuidores\/","og_site_name":"Lantec Grip","article_modified_time":"2024-07-24T09:02:06+00:00","twitter_card":"summary_large_image","schema":{"@context":"https:\/\/schema.org","@graph":[{"@type":"WebPage","@id":"https:\/\/www.lantec-grip.com\/es\/distribuidores\/","url":"https:\/\/www.lantec-grip.com\/es\/distribuidores\/","name":"Distribuidores - Lantec Grip","isPartOf":{"@id":"https:\/\/www.lantec-grip.com\/es\/#website"},"datePublished":"2023-11-16T08:53:17+00:00","dateModified":"2024-07-24T09:02:06+00:00","breadcrumb":{"@id":"https:\/\/www.lantec-grip.com\/es\/distribuidores\/#breadcrumb"},"inLanguage":"en-EN","potentialAction":[{"@type":"ReadAction","target":["https:\/\/www.lantec-grip.com\/es\/distribuidores\/"]}]},{"@type":"BreadcrumbList","@id":"https:\/\/www.lantec-grip.com\/es\/distribuidores\/#breadcrumb","itemListElement":[{"@type":"ListItem","position":1,"name":"Inicio","item":"https:\/\/www.lantec-grip.com\/es\/"},{"@type":"ListItem","position":2,"name":"Distribuidores"}]},{"@type":"WebSite","@id":"https:\/\/www.lantec-grip.com\/es\/#website","url":"https:\/\/www.lantec-grip.com\/es\/","name":"Lantec Grip","description":"Dise\u00f1o y fabricaci\u00f3n de pinzas neum\u00e1ticas","publisher":{"@id":"https:\/\/www.lantec-grip.com\/es\/#organization"},"potentialAction":[{"@type":"SearchAction","target":{"@type":"EntryPoint","urlTemplate":"https:\/\/www.lantec-grip.com\/es\/?s={search_term_string}"},"query-input":{"@type":"PropertyValueSpecification","valueRequired":true,"valueName":"search_term_string"}}],"inLanguage":"en-EN"},{"@type":"Organization","@id":"https:\/\/www.lantec-grip.com\/es\/#organization","name":"Lantec LT","url":"https:\/\/www.lantec-grip.com\/es\/","logo":{"@type":"ImageObject","inLanguage":"en-EN","@id":"https:\/\/www.lantec-grip.com\/es\/#\/schema\/logo\/image\/","url":"https:\/\/www.lantec-grip.com\/wp-content\/uploads\/2023\/11\/lantec-grip.png","contentUrl":"https:\/\/www.lantec-grip.com\/wp-content\/uploads\/2023\/11\/lantec-grip.png","width":200,"height":60,"caption":"Lantec LT"},"image":{"@id":"https:\/\/www.lantec-grip.com\/es\/#\/schema\/logo\/image\/"}}]}},"_links":{"self":[{"href":"https:\/\/www.lantec-grip.com\/en\/wp-json\/wp\/v2\/pages\/465","targetHints":{"allow":["GET"]}}],"collection":[{"href":"https:\/\/www.lantec-grip.com\/en\/wp-json\/wp\/v2\/pages"}],"about":[{"href":"https:\/\/www.lantec-grip.com\/en\/wp-json\/wp\/v2\/types\/page"}],"author":[{"embeddable":true,"href":"https:\/\/www.lantec-grip.com\/en\/wp-json\/wp\/v2\/users\/1"}],"replies":[{"embeddable":true,"href":"https:\/\/www.lantec-grip.com\/en\/wp-json\/wp\/v2\/comments?post=465"}],"version-history":[{"count":5,"href":"https:\/\/www.lantec-grip.com\/en\/wp-json\/wp\/v2\/pages\/465\/revisions"}],"predecessor-version":[{"id":993,"href":"https:\/\/www.lantec-grip.com\/en\/wp-json\/wp\/v2\/pages\/465\/revisions\/993"}],"wp:attachment":[{"href":"https:\/\/www.lantec-grip.com\/en\/wp-json\/wp\/v2\/media?parent=465"}],"curies":[{"name":"wp","href":"https:\/\/api.w.org\/{rel}","templated":true}]}}