{"id":902,"date":"2023-11-27T12:39:55","date_gmt":"2023-11-27T11:39:55","guid":{"rendered":"https:\/\/www.lantec-grip.com\/es\/?page_id=902"},"modified":"2023-11-27T12:39:55","modified_gmt":"2023-11-27T11:39:55","slug":"","status":"publish","type":"page","link":"https:\/\/www.lantec-grip.com\/de\/accesibilidad\/","title":{"rendered":"","raw":""},"content":{"rendered":"","protected":false,"raw":""},"excerpt":{"rendered":"","protected":false,"raw":""},"author":1,"featured_media":0,"parent":0,"menu_order":2,"comment_status":"closed","ping_status":"closed","template":"","meta":{"_es_post_content":"<h2>WAI-AA<\/h2><p> Este sitio web ha sido desarrollado siguiendo las directrices de la iniciativa   WAI (Web Accessibility Initiative, www.w3.org\/wai), que marca unos  est\u00e1ndares internacionales en la creaci\u00f3n de contenidos webs accesibles para todos. Esta web cumple la prioridad 2 (Nivel  de accesibilidad Doble A) con la calificaci\u00f3n \u201cParcialmente conforme\u201d.<\/p><h2>Resumen de Medidas adoptadas sobre usabilidad y accesibilidad<\/h2><ul><li>Orden l\u00f3gico y estandarizado de presentaci\u00f3n de los elementos en pantalla.<\/li><li>Sistema de navegaci\u00f3n, dise\u00f1o y estructura visual coherente y consistente en todo el web.<\/li><li>Marcado de la ubicaci\u00f3n (\u00abInicio -&gt;\u00bb).<\/li><li>Texto descriptivo de las im\u00e1genes.<\/li><li>Navegaci\u00f3n mediante el tabulador<\/li><li>Utilizaci\u00f3n de tama\u00f1os relativos de los textos<\/li><li>Compatibilidad con el mayor n\u00famero de navegadores posible y en diferentes plataformas.<\/li><\/ul><h2>C\u00f3mo cambiar el tama\u00f1o del texto<\/h2><p>Si desea aumentar o disminuir el tama\u00f1o de la presentaci\u00f3n, puede hacerlo:<\/p><ol><li>mediante el teclado:<br> tecla ctrl + tecla \u2018+\u2019 para aumentar<br> tecla ctrl + tecla \u2018-\u2018 para disminuir<\/li><li>a trav\u00e9s del men\u00fa de su navegador: \u2018ver\u2019 &gt; \u2018tama\u00f1o del texto\u2019.<\/li><\/ol>","_es_post_name":"accesibilidad","_es_post_excerpt":"","_es_post_title":"Accesibilidad","_en_post_content":"","_en_post_name":"","_en_post_excerpt":"","_en_post_title":"","_de_post_content":"","_de_post_name":"","_de_post_excerpt":"","_de_post_title":"","_fr_post_content":"","_fr_post_name":"","_fr_post_excerpt":"","_fr_post_title":"","edit_language":"de","footnotes":""},"class_list":["post-902","page","type-page","status-publish","hentry"],"acf":[],"yoast_head":"<!-- This site is optimized with the Yoast SEO plugin v27.6 - https:\/\/yoast.com\/product\/yoast-seo-wordpress\/ -->\n<title>Accesibilidad - Lantec Grip<\/title>\n<meta name=\"robots\" content=\"index, follow, max-snippet:-1, max-image-preview:large, max-video-preview:-1\" \/>\n<link rel=\"canonical\" href=\"https:\/\/www.lantec-grip.com\/accesibilidad\/\" \/>\n<meta property=\"og:locale\" content=\"de_DE\" \/>\n<meta property=\"og:type\" content=\"article\" \/>\n<meta property=\"og:title\" content=\"Accesibilidad - Lantec Grip\" \/>\n<meta property=\"og:description\" content=\"WAI-AA Este sitio web ha sido desarrollado siguiendo las directrices de la iniciativa WAI (Web Accessibility Initiative, www.w3.org\/wai), que marca unos est\u00e1ndares internacionales en la creaci\u00f3n de contenidos webs accesibles para todos. Esta web cumple la prioridad 2 (Nivel de accesibilidad Doble A) con la calificaci\u00f3n \u201cParcialmente conforme\u201d. Resumen de Medidas adoptadas sobre usabilidad y [&hellip;]\" \/>\n<meta property=\"og:url\" content=\"https:\/\/www.lantec-grip.com\/accesibilidad\/\" \/>\n<meta property=\"og:site_name\" content=\"Lantec Grip\" \/>\n<meta name=\"twitter:card\" content=\"summary_large_image\" \/>\n<script type=\"application\/ld+json\" class=\"yoast-schema-graph\">{\"@context\":\"https:\\\/\\\/schema.org\",\"@graph\":[{\"@type\":\"WebPage\",\"@id\":\"https:\\\/\\\/www.lantec-grip.com\\\/accesibilidad\\\/\",\"url\":\"https:\\\/\\\/www.lantec-grip.com\\\/accesibilidad\\\/\",\"name\":\"Accesibilidad - Lantec Grip\",\"isPartOf\":{\"@id\":\"https:\\\/\\\/www.lantec-grip.com\\\/es\\\/#website\"},\"datePublished\":\"2023-11-27T11:39:55+00:00\",\"breadcrumb\":{\"@id\":\"https:\\\/\\\/www.lantec-grip.com\\\/accesibilidad\\\/#breadcrumb\"},\"inLanguage\":\"de-DE\",\"potentialAction\":[{\"@type\":\"ReadAction\",\"target\":[\"https:\\\/\\\/www.lantec-grip.com\\\/accesibilidad\\\/\"]}]},{\"@type\":\"BreadcrumbList\",\"@id\":\"https:\\\/\\\/www.lantec-grip.com\\\/accesibilidad\\\/#breadcrumb\",\"itemListElement\":[{\"@type\":\"ListItem\",\"position\":1,\"name\":\"Inicio\",\"item\":\"https:\\\/\\\/www.lantec-grip.com\\\/es\\\/\"},{\"@type\":\"ListItem\",\"position\":2,\"name\":\"Accesibilidad\"}]},{\"@type\":\"WebSite\",\"@id\":\"https:\\\/\\\/www.lantec-grip.com\\\/es\\\/#website\",\"url\":\"https:\\\/\\\/www.lantec-grip.com\\\/es\\\/\",\"name\":\"Lantec Grip\",\"description\":\"Dise\u00f1o y fabricaci\u00f3n de pinzas neum\u00e1ticas\",\"publisher\":{\"@id\":\"https:\\\/\\\/www.lantec-grip.com\\\/es\\\/#organization\"},\"potentialAction\":[{\"@type\":\"SearchAction\",\"target\":{\"@type\":\"EntryPoint\",\"urlTemplate\":\"https:\\\/\\\/www.lantec-grip.com\\\/es\\\/?s={search_term_string}\"},\"query-input\":{\"@type\":\"PropertyValueSpecification\",\"valueRequired\":true,\"valueName\":\"search_term_string\"}}],\"inLanguage\":\"de-DE\"},{\"@type\":\"Organization\",\"@id\":\"https:\\\/\\\/www.lantec-grip.com\\\/es\\\/#organization\",\"name\":\"Lantec LT\",\"url\":\"https:\\\/\\\/www.lantec-grip.com\\\/es\\\/\",\"logo\":{\"@type\":\"ImageObject\",\"inLanguage\":\"de-DE\",\"@id\":\"https:\\\/\\\/www.lantec-grip.com\\\/es\\\/#\\\/schema\\\/logo\\\/image\\\/\",\"url\":\"https:\\\/\\\/www.lantec-grip.com\\\/wp-content\\\/uploads\\\/2023\\\/11\\\/lantec-grip.png\",\"contentUrl\":\"https:\\\/\\\/www.lantec-grip.com\\\/wp-content\\\/uploads\\\/2023\\\/11\\\/lantec-grip.png\",\"width\":200,\"height\":60,\"caption\":\"Lantec LT\"},\"image\":{\"@id\":\"https:\\\/\\\/www.lantec-grip.com\\\/es\\\/#\\\/schema\\\/logo\\\/image\\\/\"}}]}<\/script>\n<!-- \/ Yoast SEO plugin. -->","yoast_head_json":{"title":"Accesibilidad - Lantec Grip","robots":{"index":"index","follow":"follow","max-snippet":"max-snippet:-1","max-image-preview":"max-image-preview:large","max-video-preview":"max-video-preview:-1"},"canonical":"https:\/\/www.lantec-grip.com\/accesibilidad\/","og_locale":"de_DE","og_type":"article","og_title":"Accesibilidad - Lantec Grip","og_description":"WAI-AA Este sitio web ha sido desarrollado siguiendo las directrices de la iniciativa WAI (Web Accessibility Initiative, www.w3.org\/wai), que marca unos est\u00e1ndares internacionales en la creaci\u00f3n de contenidos webs accesibles para todos. Esta web cumple la prioridad 2 (Nivel de accesibilidad Doble A) con la calificaci\u00f3n \u201cParcialmente conforme\u201d. Resumen de Medidas adoptadas sobre usabilidad y [&hellip;]","og_url":"https:\/\/www.lantec-grip.com\/accesibilidad\/","og_site_name":"Lantec Grip","twitter_card":"summary_large_image","schema":{"@context":"https:\/\/schema.org","@graph":[{"@type":"WebPage","@id":"https:\/\/www.lantec-grip.com\/accesibilidad\/","url":"https:\/\/www.lantec-grip.com\/accesibilidad\/","name":"Accesibilidad - Lantec Grip","isPartOf":{"@id":"https:\/\/www.lantec-grip.com\/es\/#website"},"datePublished":"2023-11-27T11:39:55+00:00","breadcrumb":{"@id":"https:\/\/www.lantec-grip.com\/accesibilidad\/#breadcrumb"},"inLanguage":"de-DE","potentialAction":[{"@type":"ReadAction","target":["https:\/\/www.lantec-grip.com\/accesibilidad\/"]}]},{"@type":"BreadcrumbList","@id":"https:\/\/www.lantec-grip.com\/accesibilidad\/#breadcrumb","itemListElement":[{"@type":"ListItem","position":1,"name":"Inicio","item":"https:\/\/www.lantec-grip.com\/es\/"},{"@type":"ListItem","position":2,"name":"Accesibilidad"}]},{"@type":"WebSite","@id":"https:\/\/www.lantec-grip.com\/es\/#website","url":"https:\/\/www.lantec-grip.com\/es\/","name":"Lantec Grip","description":"Dise\u00f1o y fabricaci\u00f3n de pinzas neum\u00e1ticas","publisher":{"@id":"https:\/\/www.lantec-grip.com\/es\/#organization"},"potentialAction":[{"@type":"SearchAction","target":{"@type":"EntryPoint","urlTemplate":"https:\/\/www.lantec-grip.com\/es\/?s={search_term_string}"},"query-input":{"@type":"PropertyValueSpecification","valueRequired":true,"valueName":"search_term_string"}}],"inLanguage":"de-DE"},{"@type":"Organization","@id":"https:\/\/www.lantec-grip.com\/es\/#organization","name":"Lantec LT","url":"https:\/\/www.lantec-grip.com\/es\/","logo":{"@type":"ImageObject","inLanguage":"de-DE","@id":"https:\/\/www.lantec-grip.com\/es\/#\/schema\/logo\/image\/","url":"https:\/\/www.lantec-grip.com\/wp-content\/uploads\/2023\/11\/lantec-grip.png","contentUrl":"https:\/\/www.lantec-grip.com\/wp-content\/uploads\/2023\/11\/lantec-grip.png","width":200,"height":60,"caption":"Lantec LT"},"image":{"@id":"https:\/\/www.lantec-grip.com\/es\/#\/schema\/logo\/image\/"}}]}},"_links":{"self":[{"href":"https:\/\/www.lantec-grip.com\/de\/wp-json\/wp\/v2\/pages\/902","targetHints":{"allow":["GET"]}}],"collection":[{"href":"https:\/\/www.lantec-grip.com\/de\/wp-json\/wp\/v2\/pages"}],"about":[{"href":"https:\/\/www.lantec-grip.com\/de\/wp-json\/wp\/v2\/types\/page"}],"author":[{"embeddable":true,"href":"https:\/\/www.lantec-grip.com\/de\/wp-json\/wp\/v2\/users\/1"}],"replies":[{"embeddable":true,"href":"https:\/\/www.lantec-grip.com\/de\/wp-json\/wp\/v2\/comments?post=902"}],"version-history":[{"count":1,"href":"https:\/\/www.lantec-grip.com\/de\/wp-json\/wp\/v2\/pages\/902\/revisions"}],"predecessor-version":[{"id":903,"href":"https:\/\/www.lantec-grip.com\/de\/wp-json\/wp\/v2\/pages\/902\/revisions\/903"}],"wp:attachment":[{"href":"https:\/\/www.lantec-grip.com\/de\/wp-json\/wp\/v2\/media?parent=902"}],"curies":[{"name":"wp","href":"https:\/\/api.w.org\/{rel}","templated":true}]}}